{"id":20712,"date":"2026-03-09T18:02:25","date_gmt":"2026-03-09T18:02:25","guid":{"rendered":"https:\/\/naturalisvitae.com\/product\/vita-oil\/"},"modified":"2025-07-21T13:48:21","modified_gmt":"2025-07-21T13:48:21","slug":"vita-oil","status":"publish","type":"product","link":"https:\/\/naturalisvitae.com\/es\/producto\/vita-oil\/","title":{"rendered":"Vita Oil"},"content":{"rendered":"<p>Ayuda a tu cabello a recuperarse de inmediato, regenerando, nutriendo y reparando la fibra capilar da\u00f1ada para un cabello sano, brillante, voluminoso, ordenado y suave.<\/p>\n<p>Protege el cabello de los agresores medioambientales, de la coloraci\u00f3n y sella las puntas abiertas, permitiendo un crecimiento sano y r\u00e1pido, consiguiendo la longitud deseada y un cabello siempre impecable.<\/p>\n<p>Repara la estructura proteica de la fibra capilar para un cabello fuerte y sin roturas, restaura la hidrataci\u00f3n para una mayor flexibilidad y salud<\/p>\n<p>Elimina el encrespamiento, equilibra las cargas el\u00e9ctricas de la fibra capilar, trata y previene los da\u00f1os causados por los tratamientos qu\u00edmicos.<\/p>\n<p>60 ml | Envase respetuoso con el medio ambiente | Sin crueldad animal | APT para veganos.<\/p>\n","protected":false},"excerpt":{"rendered":"<p>Proporciona a tu cabello una recuperaci\u00f3n inmediata, regenerando, nutriendo y reparando la fibra capilar da\u00f1ada para conseguir un cabello sano, brillante, voluminoso, ordenado y suave.<\/p>\n<p>Protege el cabello de los agresores ambientales, de la coloraci\u00f3n y sella las puntas abiertas, permitiendo un crecimiento sano y r\u00e1pido, consiguiendo la longitud que deseas y un cabello siempre impecable.<\/p>\n","protected":false},"featured_media":19871,"template":"","meta":{"_monsterinsights_skip_tracking":false,"_monsterinsights_sitenote_active":false,"_monsterinsights_sitenote_note":"","_monsterinsights_sitenote_category":0,"_joinchat":[]},"product_brand":[],"product_cat":[346,387],"product_tag":[],"class_list":{"0":"post-20712","1":"product","2":"type-product","3":"status-publish","4":"has-post-thumbnail","6":"product_cat-cabello","7":"product_cat-cabello-seco-danado","9":"first","10":"instock","11":"taxable","12":"shipping-taxable","13":"purchasable","14":"product-type-simple"},"_links":{"self":[{"href":"https:\/\/naturalisvitae.com\/es\/wp-json\/wp\/v2\/product\/20712","targetHints":{"allow":["GET"]}}],"collection":[{"href":"https:\/\/naturalisvitae.com\/es\/wp-json\/wp\/v2\/product"}],"about":[{"href":"https:\/\/naturalisvitae.com\/es\/wp-json\/wp\/v2\/types\/product"}],"wp:featuredmedia":[{"embeddable":true,"href":"https:\/\/naturalisvitae.com\/es\/wp-json\/wp\/v2\/media\/19871"}],"wp:attachment":[{"href":"https:\/\/naturalisvitae.com\/es\/wp-json\/wp\/v2\/media?parent=20712"}],"wp:term":[{"taxonomy":"product_brand","embeddable":true,"href":"https:\/\/naturalisvitae.com\/es\/wp-json\/wp\/v2\/product_brand?post=20712"},{"taxonomy":"product_cat","embeddable":true,"href":"https:\/\/naturalisvitae.com\/es\/wp-json\/wp\/v2\/product_cat?post=20712"},{"taxonomy":"product_tag","embeddable":true,"href":"https:\/\/naturalisvitae.com\/es\/wp-json\/wp\/v2\/product_tag?post=20712"}],"curies":[{"name":"wp","href":"https:\/\/api.w.org\/{rel}","templated":true}]}}