{"id":20710,"date":"2026-03-08T16:45:25","date_gmt":"2026-03-08T16:45:25","guid":{"rendered":"https:\/\/naturalisvitae.com\/product\/blanco-sensual\/"},"modified":"2025-07-28T12:36:02","modified_gmt":"2025-07-28T12:36:02","slug":"blanco-sensual","status":"publish","type":"product","link":"https:\/\/naturalisvitae.com\/es\/producto\/blanco-sensual\/","title":{"rendered":"Blanco Sensual"},"content":{"rendered":"<p>Les refuit blancs sensuels combina diferentes agentes activos que act\u00faan sobre el ciclo natural de pigmentaci\u00f3n de la piel, reduciendo la aparici\u00f3n de manchas en el rostro y el cuerpo y unificando el tono de la piel.<\/p>\n<p>Propiedades: Exfolia las c\u00e9lulas muertas con pigmento acumulado, preparando la piel para estimular la penetraci\u00f3n de sustancias altamente clarificantes.<\/p>\n<p>Interfiere en la s\u00edntesis de melanina para reducir y prevenir la aparici\u00f3n de pigmentaci\u00f3n. Aumenta la renovaci\u00f3n celular activando la respiraci\u00f3n y oxigenaci\u00f3n de la piel, reduce la irritaci\u00f3n y calma la piel con extractos de plantas. <\/p>\n<p>100 ml | Envase respetuoso con el medio ambiente | Apto para todo tipo de pieles | No comedog\u00e9nico | No graso | Libre de crueldad animal | Apto para veganos<\/p>\n","protected":false},"excerpt":{"rendered":"<p>El refuit blanco sensual combina diferentes agentes activos que act\u00faan sobre el ciclo de pigmentaci\u00f3n de la piel natural, reduciendo la aparici\u00f3n de manchas en la cara y el cuerpo, igualando la tez.<\/p>\n<p>Propiedades: Exfolia las c\u00e9lulas muertas con pigmento acumulado, preparando la piel para estimular la penetraci\u00f3n de sustancias altamente aclarantes.<\/p>\n","protected":false},"featured_media":19862,"template":"","meta":{"_monsterinsights_skip_tracking":false,"_monsterinsights_sitenote_active":false,"_monsterinsights_sitenote_note":"","_monsterinsights_sitenote_category":0,"_joinchat":[]},"product_brand":[],"product_cat":[375,333,381,378,374,379,354],"product_tag":[],"class_list":{"0":"post-20710","1":"product","2":"type-product","3":"status-publish","4":"has-post-thumbnail","6":"product_cat-acne-manchas","7":"product_cat-cara","8":"product_cat-cuerpo","9":"product_cat-hidratacion-nutricion","10":"product_cat-manchas","11":"product_cat-manos-unas","12":"product_cat-sueros-cremas","14":"first","15":"instock","16":"taxable","17":"shipping-taxable","18":"purchasable","19":"product-type-simple"},"_links":{"self":[{"href":"https:\/\/naturalisvitae.com\/es\/wp-json\/wp\/v2\/product\/20710","targetHints":{"allow":["GET"]}}],"collection":[{"href":"https:\/\/naturalisvitae.com\/es\/wp-json\/wp\/v2\/product"}],"about":[{"href":"https:\/\/naturalisvitae.com\/es\/wp-json\/wp\/v2\/types\/product"}],"wp:featuredmedia":[{"embeddable":true,"href":"https:\/\/naturalisvitae.com\/es\/wp-json\/wp\/v2\/media\/19862"}],"wp:attachment":[{"href":"https:\/\/naturalisvitae.com\/es\/wp-json\/wp\/v2\/media?parent=20710"}],"wp:term":[{"taxonomy":"product_brand","embeddable":true,"href":"https:\/\/naturalisvitae.com\/es\/wp-json\/wp\/v2\/product_brand?post=20710"},{"taxonomy":"product_cat","embeddable":true,"href":"https:\/\/naturalisvitae.com\/es\/wp-json\/wp\/v2\/product_cat?post=20710"},{"taxonomy":"product_tag","embeddable":true,"href":"https:\/\/naturalisvitae.com\/es\/wp-json\/wp\/v2\/product_tag?post=20710"}],"curies":[{"name":"wp","href":"https:\/\/api.w.org\/{rel}","templated":true}]}}