{"id":20708,"date":"2026-03-07T16:02:25","date_gmt":"2026-03-07T16:02:25","guid":{"rendered":"https:\/\/naturalisvitae.com\/product\/miracle-crema-facial\/"},"modified":"2025-07-21T14:08:22","modified_gmt":"2025-07-21T14:08:22","slug":"miracle-crema-facial","status":"publish","type":"product","link":"https:\/\/naturalisvitae.com\/es\/producto\/miracle-crema-facial\/","title":{"rendered":"MIRACLE &#8211; Crema facial"},"content":{"rendered":"<p>Hemos fusionado el poder de la ciencia con el de la naturaleza para crear un milagro. Una potente crema antiedad, rejuvenecedora y antibronceadora que reestructura todos los tipos de piel desde el interior, creando una barrera protectora contra la contaminaci\u00f3n  Adem\u00e1s, la crema milagrosa previene y reduce las manchas cut\u00e1neas, igualando el tono y devolviendo un aspecto saludable al cutis. Adem\u00e1s de todo esto, el efecto lifting que ejerce sobre el rostro revela la juventud natural de la piel, dej\u00e1ndola m\u00e1s lisa, luminosa y radiante. <\/p>\n<p><strong>100% natural y contiene un 80% de ingredientes de cultivo ecol\u00f3gico<\/strong>.<\/p>\n<p>Perfume naturel: d\u00e9jate seducir por su fragancia natural \u00fanica, a base de aceites esenciales. El milagro es la crema m\u00e1s completa y eficaz que puedes a\u00f1adir a tu rutina de cuidado de la piel. Grandes beneficios en un producto natural, vegano y respetuoso con el medio ambiente! 50 ml | Envase de cristal morado | APT para todo tipo de pieles | No comedog\u00e9nico | No graso | Libre de crueldad animal | APT para veganos.   <\/p>\n","protected":false},"excerpt":{"rendered":"<p>Hemos fusionado el poder de la ciencia con el de la naturaleza para crear un milagro. Una potente crema antiedad, rejuvenecedora y antibronceadora que reestructura todos los tipos de piel desde el interior, creando una barrera protectora contra la contaminaci\u00f3n. <\/p>\n","protected":false},"featured_media":19937,"template":"","meta":{"_monsterinsights_skip_tracking":false,"_monsterinsights_sitenote_active":false,"_monsterinsights_sitenote_note":"","_monsterinsights_sitenote_category":0,"_joinchat":[]},"product_brand":[],"product_cat":[375,356,376,333,357,365,364,334,354],"product_tag":[],"class_list":{"0":"post-20708","1":"product","2":"type-product","3":"status-publish","4":"has-post-thumbnail","6":"product_cat-acne-manchas","7":"product_cat-antienvejecimiento","8":"product_cat-aspecto-aceitoso","9":"product_cat-cara","10":"product_cat-lifting-facial","11":"product_cat-piel-apagada","12":"product_cat-piel-seca","13":"product_cat-rutina-facial","14":"product_cat-sueros-cremas","16":"first","17":"instock","18":"taxable","19":"shipping-taxable","20":"purchasable","21":"product-type-simple"},"_links":{"self":[{"href":"https:\/\/naturalisvitae.com\/es\/wp-json\/wp\/v2\/product\/20708","targetHints":{"allow":["GET"]}}],"collection":[{"href":"https:\/\/naturalisvitae.com\/es\/wp-json\/wp\/v2\/product"}],"about":[{"href":"https:\/\/naturalisvitae.com\/es\/wp-json\/wp\/v2\/types\/product"}],"wp:featuredmedia":[{"embeddable":true,"href":"https:\/\/naturalisvitae.com\/es\/wp-json\/wp\/v2\/media\/19937"}],"wp:attachment":[{"href":"https:\/\/naturalisvitae.com\/es\/wp-json\/wp\/v2\/media?parent=20708"}],"wp:term":[{"taxonomy":"product_brand","embeddable":true,"href":"https:\/\/naturalisvitae.com\/es\/wp-json\/wp\/v2\/product_brand?post=20708"},{"taxonomy":"product_cat","embeddable":true,"href":"https:\/\/naturalisvitae.com\/es\/wp-json\/wp\/v2\/product_cat?post=20708"},{"taxonomy":"product_tag","embeddable":true,"href":"https:\/\/naturalisvitae.com\/es\/wp-json\/wp\/v2\/product_tag?post=20708"}],"curies":[{"name":"wp","href":"https:\/\/api.w.org\/{rel}","templated":true}]}}