{"id":20706,"date":"2026-03-05T18:02:25","date_gmt":"2026-03-05T18:02:25","guid":{"rendered":"https:\/\/naturalisvitae.com\/product\/magic-lotion\/"},"modified":"2024-06-06T18:02:25","modified_gmt":"2024-06-06T18:02:25","slug":"magic-lotion","status":"publish","type":"product","link":"https:\/\/naturalisvitae.com\/es\/producto\/magic-lotion\/","title":{"rendered":"Magic Lotion"},"content":{"rendered":"<p>Este tratamiento ancestral tiene una triple acci\u00f3n: estimula la microcirculaci\u00f3n del cuero cabelludo, refuerza el anclaje de las ra\u00edces y fortalece la fibra capilar. Repara, fortalece, restaura, acondiciona y estimula el crecimiento del cabello. <\/p>\n<p>Reduce la caspa y la descamaci\u00f3n del cuero cabelludo. Tiene un efecto protector contra el estr\u00e9s oxidativo. <\/p>\n<p>Este excepcional regenerador capilar estimula y normaliza los fol\u00edculos pilosos en fase degenerativa, evitando el raquitismo ampolloso y eliminando la actividad tensa de la piel, la dermatitis y los picores.<\/p>\n<p>Proporciona un c\u00f3ctel activo especial (nutrientes) combinados en sinergia para potenciar la estimulaci\u00f3n, el crecimiento y el fortalecimiento del bulbo, actuando a su vez la circulaci\u00f3n intrad\u00e9rmica en el cuero cabelludo.<\/p>\n<p>120 g | APT para todo tipo de pieles | No comedog\u00e9nico | Sin crueldad animal | APT para veganos.<\/p>\n","protected":false},"excerpt":{"rendered":"<p>Es un tratamiento antica\u00edda con triple acci\u00f3n: estimula la microcirculaci\u00f3n del cuero cabelludo, refuerza el anclaje de la ra\u00edz y fortalece la fibra capilar. Repara, fortalece, restaura, acondiciona y estimula el crecimiento capilar. <\/p>\n","protected":false},"featured_media":19850,"template":"","meta":{"_monsterinsights_skip_tracking":false,"_monsterinsights_sitenote_active":false,"_monsterinsights_sitenote_note":"","_monsterinsights_sitenote_category":0,"_joinchat":[]},"product_brand":[],"product_cat":[346,366],"product_tag":[],"class_list":{"0":"post-20706","1":"product","2":"type-product","3":"status-publish","4":"has-post-thumbnail","6":"product_cat-cabello","7":"product_cat-caida-del-cabello","9":"first","10":"instock","11":"taxable","12":"shipping-taxable","13":"purchasable","14":"product-type-simple"},"_links":{"self":[{"href":"https:\/\/naturalisvitae.com\/es\/wp-json\/wp\/v2\/product\/20706","targetHints":{"allow":["GET"]}}],"collection":[{"href":"https:\/\/naturalisvitae.com\/es\/wp-json\/wp\/v2\/product"}],"about":[{"href":"https:\/\/naturalisvitae.com\/es\/wp-json\/wp\/v2\/types\/product"}],"wp:featuredmedia":[{"embeddable":true,"href":"https:\/\/naturalisvitae.com\/es\/wp-json\/wp\/v2\/media\/19850"}],"wp:attachment":[{"href":"https:\/\/naturalisvitae.com\/es\/wp-json\/wp\/v2\/media?parent=20706"}],"wp:term":[{"taxonomy":"product_brand","embeddable":true,"href":"https:\/\/naturalisvitae.com\/es\/wp-json\/wp\/v2\/product_brand?post=20706"},{"taxonomy":"product_cat","embeddable":true,"href":"https:\/\/naturalisvitae.com\/es\/wp-json\/wp\/v2\/product_cat?post=20706"},{"taxonomy":"product_tag","embeddable":true,"href":"https:\/\/naturalisvitae.com\/es\/wp-json\/wp\/v2\/product_tag?post=20706"}],"curies":[{"name":"wp","href":"https:\/\/api.w.org\/{rel}","templated":true}]}}