{"id":20699,"date":"2024-06-06T18:02:25","date_gmt":"2024-06-06T18:02:25","guid":{"rendered":"https:\/\/naturalisvitae.com\/product\/divinity-huile-corporelle\/"},"modified":"2025-07-21T14:11:41","modified_gmt":"2025-07-21T14:11:41","slug":"divinity-huile-corporelle","status":"publish","type":"product","link":"https:\/\/naturalisvitae.com\/es\/producto\/divinity-huile-corporelle\/","title":{"rendered":"Divinity Huile Corporelle"},"content":{"rendered":"<p>Divinity es la combinaci\u00f3n perfecta de ingredientes naturales para recuperar la hidrataci\u00f3n y nutrici\u00f3n regenerando cada mil\u00edmetro de tu piel, act\u00faa como reductor, anticelul\u00edtico, trata estr\u00edas y cicatrices y mejora el aspecto de la piel para que luzca radiante<\/p>\n<p>Tonifica los fibroblastos, la c\u00e9lula d\u00e9rmica productiva responsable de la firmeza y elasticidad de la piel<\/p>\n<p>Nutre en profundidad y mejora la salud de la piel incorporando una extraordinaria concentraci\u00f3n de 13 aceites de alta calidad y r\u00e1pida absorci\u00f3n.<\/p>\n<p>Fragancia natural. \u00a1Su innovadora fragancia es pura adicci\u00f3n! Contiene un equilibrio perfecto de ingredientes naturales. Tu cautivadora mezcla de   <\/p>\n","protected":false},"excerpt":{"rendered":"<p>Divinity es la combinaci\u00f3n perfecta de ingredientes naturales para recuperar la hidrataci\u00f3n y nutrici\u00f3n regenerando cada mil\u00edmetro de tu piel, act\u00faa como reductor, anticelul\u00edtico, trata estr\u00edas y cicatrices y mejora el aspecto de la piel para que luzca radiante.<\/p>\n","protected":false},"featured_media":19943,"template":"","meta":{"_monsterinsights_skip_tracking":false,"_monsterinsights_sitenote_active":false,"_monsterinsights_sitenote_note":"","_monsterinsights_sitenote_category":0,"_joinchat":[]},"product_brand":[],"product_cat":[380,381,378,379],"product_tag":[],"class_list":{"0":"post-20699","1":"product","2":"type-product","3":"status-publish","4":"has-post-thumbnail","6":"product_cat-celulitis-estrias","7":"product_cat-cuerpo","8":"product_cat-hidratacion-nutricion","9":"product_cat-manos-unas","11":"first","12":"instock","13":"taxable","14":"shipping-taxable","15":"purchasable","16":"product-type-simple"},"_links":{"self":[{"href":"https:\/\/naturalisvitae.com\/es\/wp-json\/wp\/v2\/product\/20699","targetHints":{"allow":["GET"]}}],"collection":[{"href":"https:\/\/naturalisvitae.com\/es\/wp-json\/wp\/v2\/product"}],"about":[{"href":"https:\/\/naturalisvitae.com\/es\/wp-json\/wp\/v2\/types\/product"}],"wp:featuredmedia":[{"embeddable":true,"href":"https:\/\/naturalisvitae.com\/es\/wp-json\/wp\/v2\/media\/19943"}],"wp:attachment":[{"href":"https:\/\/naturalisvitae.com\/es\/wp-json\/wp\/v2\/media?parent=20699"}],"wp:term":[{"taxonomy":"product_brand","embeddable":true,"href":"https:\/\/naturalisvitae.com\/es\/wp-json\/wp\/v2\/product_brand?post=20699"},{"taxonomy":"product_cat","embeddable":true,"href":"https:\/\/naturalisvitae.com\/es\/wp-json\/wp\/v2\/product_cat?post=20699"},{"taxonomy":"product_tag","embeddable":true,"href":"https:\/\/naturalisvitae.com\/es\/wp-json\/wp\/v2\/product_tag?post=20699"}],"curies":[{"name":"wp","href":"https:\/\/api.w.org\/{rel}","templated":true}]}}