{"id":20697,"date":"2026-03-06T18:02:25","date_gmt":"2026-03-06T18:02:25","guid":{"rendered":"https:\/\/naturalisvitae.com\/product\/esencial\/"},"modified":"2025-07-21T13:55:01","modified_gmt":"2025-07-21T13:55:01","slug":"esencial","status":"publish","type":"product","link":"https:\/\/naturalisvitae.com\/es\/producto\/esencial\/","title":{"rendered":"Esencial"},"content":{"rendered":"<p>L&#8217;essentiel es un t\u00f3nico natural que toda mujer deber\u00eda tener en su rutina de belleza diaria<\/p>\n<p>Es adecuado para todo tipo de pieles, incluso las m\u00e1s sensibles, irritadas y\/o propensas al acn\u00e9. Es una combinaci\u00f3n que tonifica, regenera, calma, hidrata y equilibra el pH de la piel, prepar\u00e1ndola para la rutina posterior. <\/p>\n<p>Minimiza el envejecimiento, reafirma, excelente limpiador facial, cicatriza, calma y suaviza.<\/p>\n<p>Cierra los poros, ilumina, unifica y aclara la piel.<\/p>\n<p>120 ml | Envase en spray respetuoso con el medio ambiente | APT para todo tipo de pieles | No comedog\u00e9nico | No graso | Sin crueldad animal | APT para veganos.<\/p>\n","protected":false},"excerpt":{"rendered":"<p>L&#8217;essentiel es un t\u00f3nico natural que toda mujer deber\u00eda tener en su rutina de belleza diaria.<\/p>\n<p>Es adecuado para todo tipo de pieles, incluso las m\u00e1s sensibles, irritadas y\/o propensas al acn\u00e9. Es una combinaci\u00f3n que tonifica, regenera, calma, hidrata y equilibra el pH de la piel, prepar\u00e1ndola para la rutina posterior. <\/p>\n","protected":false},"featured_media":19838,"template":"","meta":{"_monsterinsights_skip_tracking":false,"_monsterinsights_sitenote_active":false,"_monsterinsights_sitenote_note":"","_monsterinsights_sitenote_category":0,"_joinchat":[]},"product_brand":[],"product_cat":[375,356,376,333,357,374,365,364,334],"product_tag":[],"class_list":{"0":"post-20697","1":"product","2":"type-product","3":"status-publish","4":"has-post-thumbnail","6":"product_cat-acne-manchas","7":"product_cat-antienvejecimiento","8":"product_cat-aspecto-aceitoso","9":"product_cat-cara","10":"product_cat-lifting-facial","11":"product_cat-manchas","12":"product_cat-piel-apagada","13":"product_cat-piel-seca","14":"product_cat-rutina-facial","16":"first","17":"instock","18":"purchasable","19":"product-type-simple"},"_links":{"self":[{"href":"https:\/\/naturalisvitae.com\/es\/wp-json\/wp\/v2\/product\/20697","targetHints":{"allow":["GET"]}}],"collection":[{"href":"https:\/\/naturalisvitae.com\/es\/wp-json\/wp\/v2\/product"}],"about":[{"href":"https:\/\/naturalisvitae.com\/es\/wp-json\/wp\/v2\/types\/product"}],"wp:featuredmedia":[{"embeddable":true,"href":"https:\/\/naturalisvitae.com\/es\/wp-json\/wp\/v2\/media\/19838"}],"wp:attachment":[{"href":"https:\/\/naturalisvitae.com\/es\/wp-json\/wp\/v2\/media?parent=20697"}],"wp:term":[{"taxonomy":"product_brand","embeddable":true,"href":"https:\/\/naturalisvitae.com\/es\/wp-json\/wp\/v2\/product_brand?post=20697"},{"taxonomy":"product_cat","embeddable":true,"href":"https:\/\/naturalisvitae.com\/es\/wp-json\/wp\/v2\/product_cat?post=20697"},{"taxonomy":"product_tag","embeddable":true,"href":"https:\/\/naturalisvitae.com\/es\/wp-json\/wp\/v2\/product_tag?post=20697"}],"curies":[{"name":"wp","href":"https:\/\/api.w.org\/{rel}","templated":true}]}}