{"id":20695,"date":"2026-03-10T18:02:25","date_gmt":"2026-03-10T18:02:25","guid":{"rendered":"https:\/\/naturalisvitae.com\/product\/serum-perfect-repair\/"},"modified":"2025-07-21T14:22:02","modified_gmt":"2025-07-21T14:22:02","slug":"serum-perfect-repair","status":"publish","type":"product","link":"https:\/\/naturalisvitae.com\/es\/producto\/serum-perfect-repair\/","title":{"rendered":"S\u00e9rum Perfect Repair"},"content":{"rendered":"<p>Gracias a su composici\u00f3n a base de ingredientes naturales y activos concentrados, tiene una triple acci\u00f3n: antiimperfecciones, antiestacionaria y antiedad. Regula la producci\u00f3n de sebo, trata el acn\u00e9 y reduce sus marcas, elimina las manchas y unifica la tez, afina los poros y alisa las l\u00edneas de expresi\u00f3n.  Proporciona una correcci\u00f3n global, dejando el tono de la piel m\u00e1s uniforme.<\/p>\n<p><strong>100% natural y contiene un 97,1% de ingredientes de cultivo ecol\u00f3gico.<\/strong><\/p>\n<p>Resultados: En una gota, la piel est\u00e1 m\u00e1s hidratada, en una semana, puedes notar que tu piel est\u00e1 mucho m\u00e1s uniforme y en un mes, la intensidad y el tama\u00f1o de las manchas y marcas del acn\u00e9 se reducir\u00e1n visiblemente.<\/p>\n<p>30 ml | Envase de cristal morado | APT para todo tipo de pieles | No comedog\u00e9nico | No graso | Sin crueldad animal | APT para veganos.<\/p>\n","protected":false},"excerpt":{"rendered":"<p>Gracias a su composici\u00f3n a base de ingredientes naturales y activos concentrados, tiene una triple acci\u00f3n: antiimperfecciones, antiestacionaria y antiedad. Regula la producci\u00f3n de sebo, trata el acn\u00e9 y reduce sus marcas, elimina las manchas y unifica la tez, afina los poros y alisa las l\u00edneas de expresi\u00f3n. <\/p>\n<p>Proporciona una correcci\u00f3n global, dejando el tono de la piel m\u00e1s uniforme.<\/p>\n","protected":false},"featured_media":19922,"template":"","meta":{"_monsterinsights_skip_tracking":false,"_monsterinsights_sitenote_active":false,"_monsterinsights_sitenote_note":"","_monsterinsights_sitenote_category":0,"_joinchat":[]},"product_brand":[],"product_cat":[375,376,374,334,354],"product_tag":[],"class_list":{"0":"post-20695","1":"product","2":"type-product","3":"status-publish","4":"has-post-thumbnail","6":"product_cat-acne-manchas","7":"product_cat-aspecto-aceitoso","8":"product_cat-manchas","9":"product_cat-rutina-facial","10":"product_cat-sueros-cremas","12":"first","13":"instock","14":"taxable","15":"shipping-taxable","16":"purchasable","17":"product-type-simple"},"_links":{"self":[{"href":"https:\/\/naturalisvitae.com\/es\/wp-json\/wp\/v2\/product\/20695","targetHints":{"allow":["GET"]}}],"collection":[{"href":"https:\/\/naturalisvitae.com\/es\/wp-json\/wp\/v2\/product"}],"about":[{"href":"https:\/\/naturalisvitae.com\/es\/wp-json\/wp\/v2\/types\/product"}],"wp:featuredmedia":[{"embeddable":true,"href":"https:\/\/naturalisvitae.com\/es\/wp-json\/wp\/v2\/media\/19922"}],"wp:attachment":[{"href":"https:\/\/naturalisvitae.com\/es\/wp-json\/wp\/v2\/media?parent=20695"}],"wp:term":[{"taxonomy":"product_brand","embeddable":true,"href":"https:\/\/naturalisvitae.com\/es\/wp-json\/wp\/v2\/product_brand?post=20695"},{"taxonomy":"product_cat","embeddable":true,"href":"https:\/\/naturalisvitae.com\/es\/wp-json\/wp\/v2\/product_cat?post=20695"},{"taxonomy":"product_tag","embeddable":true,"href":"https:\/\/naturalisvitae.com\/es\/wp-json\/wp\/v2\/product_tag?post=20695"}],"curies":[{"name":"wp","href":"https:\/\/api.w.org\/{rel}","templated":true}]}}