{"id":20694,"date":"2026-03-10T18:02:25","date_gmt":"2026-03-10T18:02:25","guid":{"rendered":"https:\/\/naturalisvitae.com\/product\/serum-ultimate-elixir\/"},"modified":"2025-07-21T14:19:35","modified_gmt":"2025-07-21T14:19:35","slug":"serum-ultimate-elixir","status":"publish","type":"product","link":"https:\/\/naturalisvitae.com\/es\/producto\/serum-ultimate-elixir\/","title":{"rendered":"Serum Ultimate Elixir"},"content":{"rendered":"<p>Suero antiedad con efecto lifting. Ayuda a conseguir una piel m\u00e1s firme, corregir las arrugas y reducir los signos visibles del envejecimiento. <\/p>\n<p>Gracias a su composici\u00f3n a base de ingredientes naturales y activos concentrados. La textura de la piel se alisa y afina d\u00eda tras d\u00eda, y el rostro se reafirma e irradia la luminosidad de la juventud <\/p>\n<p>100% natural, con el 98% de sus ingredientes de cultivo ecol\u00f3gico.<\/p>\n<p>Fragancia natural: d\u00e9jate seducir por su fragancia natural \u00fanica, una combinaci\u00f3n floral de damasco y jazm\u00edn.<\/p>\n<p>30 ml | Envase de cristal morado | APT para todo tipo de pieles | No comedog\u00e9nico | No graso | Sin crueldad animal | APT para veganos.<\/p>\n","protected":false},"excerpt":{"rendered":"<p>Suero antiedad con efecto lifting. Ayuda a conseguir una piel m\u00e1s firme, corregir las arrugas y reducir los signos visibles del envejecimiento. <\/p>\n<p>Gracias a su composici\u00f3n a base de ingredientes naturales y activos concentrados. La textura de la piel se alisa y afina d\u00eda tras d\u00eda, y el rostro se reafirma e irradia la luminosidad de la juventud. <\/p>\n","protected":false},"featured_media":19910,"template":"","meta":{"_monsterinsights_skip_tracking":false,"_monsterinsights_sitenote_active":false,"_monsterinsights_sitenote_note":"","_monsterinsights_sitenote_category":0,"_joinchat":[]},"product_brand":[],"product_cat":[356,333,357,364,334,290,354],"product_tag":[],"class_list":{"0":"post-20694","1":"product","2":"type-product","3":"status-publish","4":"has-post-thumbnail","6":"product_cat-antienvejecimiento","7":"product_cat-cara","8":"product_cat-lifting-facial","9":"product_cat-piel-seca","10":"product_cat-rutina-facial","11":"product_cat-sin-categoria","12":"product_cat-sueros-cremas","14":"first","15":"instock","16":"taxable","17":"shipping-taxable","18":"purchasable","19":"product-type-simple"},"_links":{"self":[{"href":"https:\/\/naturalisvitae.com\/es\/wp-json\/wp\/v2\/product\/20694","targetHints":{"allow":["GET"]}}],"collection":[{"href":"https:\/\/naturalisvitae.com\/es\/wp-json\/wp\/v2\/product"}],"about":[{"href":"https:\/\/naturalisvitae.com\/es\/wp-json\/wp\/v2\/types\/product"}],"wp:featuredmedia":[{"embeddable":true,"href":"https:\/\/naturalisvitae.com\/es\/wp-json\/wp\/v2\/media\/19910"}],"wp:attachment":[{"href":"https:\/\/naturalisvitae.com\/es\/wp-json\/wp\/v2\/media?parent=20694"}],"wp:term":[{"taxonomy":"product_brand","embeddable":true,"href":"https:\/\/naturalisvitae.com\/es\/wp-json\/wp\/v2\/product_brand?post=20694"},{"taxonomy":"product_cat","embeddable":true,"href":"https:\/\/naturalisvitae.com\/es\/wp-json\/wp\/v2\/product_cat?post=20694"},{"taxonomy":"product_tag","embeddable":true,"href":"https:\/\/naturalisvitae.com\/es\/wp-json\/wp\/v2\/product_tag?post=20694"}],"curies":[{"name":"wp","href":"https:\/\/api.w.org\/{rel}","templated":true}]}}