{"id":20687,"date":"2026-03-09T18:02:25","date_gmt":"2026-03-09T18:02:25","guid":{"rendered":"https:\/\/naturalisvitae.com\/product\/magic-oil\/"},"modified":"2025-07-21T14:17:52","modified_gmt":"2025-07-21T14:17:52","slug":"magic-oil","status":"publish","type":"product","link":"https:\/\/naturalisvitae.com\/es\/producto\/magic-oil\/","title":{"rendered":"Magic Oil"},"content":{"rendered":"<p>Este aceite capilar previene y frena la ca\u00edda del cabello, aport\u00e1ndole vitalidad y estimulando su crecimiento. 100% natural y vegano <\/p>\n<p>Gracias a su composici\u00f3n a base de ingredientes naturales y principios activos concentrados, estimula la circulaci\u00f3n sangu\u00ednea y aporta nutrientes a tu cuero cabelludo, favoreciendo el crecimiento del cabello.<\/p>\n<p>100% natural, con un 82% de sus ingredientes de cultivo ecol\u00f3gico.<\/p>\n<p>Reduce la caspa y la descamaci\u00f3n del cuero cabelludo. Tiene un efecto protector contra el estr\u00e9s oxidativo. <\/p>\n<p>Fragancia natural: Te encantar\u00e1 el aroma vegetal de los aceites esenciales de lavanda, cedro y romero, que te llenar\u00e1n de energ\u00eda durante todo el d\u00eda.<\/p>\n<p>60 ml | Envase respetuoso con el medio ambiente | APT para todo tipo de pieles | No comedog\u00e9nico | Sin crueldad animal | APT para veganos.<\/p>\n","protected":false},"excerpt":{"rendered":"<p>Este aceite capilar previene y frena la ca\u00edda del cabello, aport\u00e1ndole vitalidad y estimulando su crecimiento. 100% natural y vegano. <\/p>\n<p>Gracias a su composici\u00f3n a base de ingredientes naturales y principios activos concentrados, estimula la circulaci\u00f3n sangu\u00ednea y aporta nutrientes a tu cuero cabelludo, favoreciendo el crecimiento del cabello.<\/p>\n","protected":false},"featured_media":19865,"template":"","meta":{"_monsterinsights_skip_tracking":false,"_monsterinsights_sitenote_active":false,"_monsterinsights_sitenote_note":"","_monsterinsights_sitenote_category":0,"_joinchat":[]},"product_brand":[],"product_cat":[346,366],"product_tag":[],"class_list":{"0":"post-20687","1":"product","2":"type-product","3":"status-publish","4":"has-post-thumbnail","6":"product_cat-cabello","7":"product_cat-caida-del-cabello","9":"first","10":"instock","11":"taxable","12":"shipping-taxable","13":"purchasable","14":"product-type-simple"},"_links":{"self":[{"href":"https:\/\/naturalisvitae.com\/es\/wp-json\/wp\/v2\/product\/20687","targetHints":{"allow":["GET"]}}],"collection":[{"href":"https:\/\/naturalisvitae.com\/es\/wp-json\/wp\/v2\/product"}],"about":[{"href":"https:\/\/naturalisvitae.com\/es\/wp-json\/wp\/v2\/types\/product"}],"wp:featuredmedia":[{"embeddable":true,"href":"https:\/\/naturalisvitae.com\/es\/wp-json\/wp\/v2\/media\/19865"}],"wp:attachment":[{"href":"https:\/\/naturalisvitae.com\/es\/wp-json\/wp\/v2\/media?parent=20687"}],"wp:term":[{"taxonomy":"product_brand","embeddable":true,"href":"https:\/\/naturalisvitae.com\/es\/wp-json\/wp\/v2\/product_brand?post=20687"},{"taxonomy":"product_cat","embeddable":true,"href":"https:\/\/naturalisvitae.com\/es\/wp-json\/wp\/v2\/product_cat?post=20687"},{"taxonomy":"product_tag","embeddable":true,"href":"https:\/\/naturalisvitae.com\/es\/wp-json\/wp\/v2\/product_tag?post=20687"}],"curies":[{"name":"wp","href":"https:\/\/api.w.org\/{rel}","templated":true}]}}