{"id":20684,"date":"2024-06-06T18:02:25","date_gmt":"2024-06-06T18:02:25","guid":{"rendered":"https:\/\/naturalisvitae.com\/product\/contorno-de-ojos-potenciador-de-luminosidad\/"},"modified":"2025-07-21T14:28:29","modified_gmt":"2025-07-21T14:28:29","slug":"contorno-de-ojos-potenciador-de-luminosidad","status":"publish","type":"product","link":"https:\/\/naturalisvitae.com\/es\/producto\/contorno-de-ojos-potenciador-de-luminosidad\/","title":{"rendered":"Contorno de ojos potenciador de luminosidad"},"content":{"rendered":"<p>Consigue un aspecto radiante y luminoso. Gracias a su composici\u00f3n a base de ingredientes naturales y activos concentrados. ATEN\u00daA LOS PRINCIPALES EFECTOS DEL CANSANCIO, COMO LOS CAMPOS Y LAS BOLSAS, AYUDA A REDUCIR LA APARICI\u00d3N DE ARRUGAS Y MEJORA LA FIRMEZA Y ELASTICIDAD DE LA PIEL. <\/p>\n<p><strong>100% Natural y tiene un 91,1% de desprecio por la cultura ecol\u00f3gica<\/strong><\/p>\n<p>Resultados visibles tras 14 d\u00edas de aplicaci\u00f3n<\/p>\n<p>Perfume Naturel: sum\u00e9rgete en un c\u00f3ctel celular de lavanda, hinojo y geranio.<\/p>\n<p>10 ml | Vaso Roll-on Morado | Apto Para Todo Tipo De Peabes | No Comedog\u00e9nico | No Graso | Sin Crueldad Para Los Animales | Apto Para Veganos.<\/p>\n","protected":false},"excerpt":{"rendered":"<p>Consigue un aspecto radiante y luminoso. Gracias a su composici\u00f3n a base de ingredientes naturales y activos concentrados. ATEN\u00daA LOS PRINCIPALES EFECTOS DEL CANSANCIO, COMO LOS CAMPOS Y LAS BOLSAS, AYUDA A REDUCIR LA APARICI\u00d3N DE ARRUGAS Y MEJORA LA FIRMEZA Y ELASTICIDAD DE LA PIEL. <\/p>\n","protected":false},"featured_media":19916,"template":"","meta":{"_monsterinsights_skip_tracking":false,"_monsterinsights_sitenote_active":false,"_monsterinsights_sitenote_note":"","_monsterinsights_sitenote_category":0,"_joinchat":[]},"product_brand":[],"product_cat":[356,333,357,358,355,334,354],"product_tag":[],"class_list":{"0":"post-20684","1":"product","2":"type-product","3":"status-publish","4":"has-post-thumbnail","6":"product_cat-antienvejecimiento","7":"product_cat-cara","8":"product_cat-lifting-facial","9":"product_cat-ojeras","10":"product_cat-ojos-labios","11":"product_cat-rutina-facial","12":"product_cat-sueros-cremas","14":"first","15":"instock","16":"taxable","17":"shipping-taxable","18":"purchasable","19":"product-type-simple"},"_links":{"self":[{"href":"https:\/\/naturalisvitae.com\/es\/wp-json\/wp\/v2\/product\/20684","targetHints":{"allow":["GET"]}}],"collection":[{"href":"https:\/\/naturalisvitae.com\/es\/wp-json\/wp\/v2\/product"}],"about":[{"href":"https:\/\/naturalisvitae.com\/es\/wp-json\/wp\/v2\/types\/product"}],"wp:featuredmedia":[{"embeddable":true,"href":"https:\/\/naturalisvitae.com\/es\/wp-json\/wp\/v2\/media\/19916"}],"wp:attachment":[{"href":"https:\/\/naturalisvitae.com\/es\/wp-json\/wp\/v2\/media?parent=20684"}],"wp:term":[{"taxonomy":"product_brand","embeddable":true,"href":"https:\/\/naturalisvitae.com\/es\/wp-json\/wp\/v2\/product_brand?post=20684"},{"taxonomy":"product_cat","embeddable":true,"href":"https:\/\/naturalisvitae.com\/es\/wp-json\/wp\/v2\/product_cat?post=20684"},{"taxonomy":"product_tag","embeddable":true,"href":"https:\/\/naturalisvitae.com\/es\/wp-json\/wp\/v2\/product_tag?post=20684"}],"curies":[{"name":"wp","href":"https:\/\/api.w.org\/{rel}","templated":true}]}}