{"id":20682,"date":"2024-06-06T18:02:25","date_gmt":"2024-06-06T18:02:25","guid":{"rendered":"https:\/\/naturalisvitae.com\/product\/contorno-de-ojos-ultimate-elixir-085\/"},"modified":"2025-07-21T14:30:46","modified_gmt":"2025-07-21T14:30:46","slug":"contorno-de-ojos-ultimate-elixir-085","status":"publish","type":"product","link":"https:\/\/naturalisvitae.com\/es\/producto\/contorno-de-ojos-ultimate-elixir-085\/","title":{"rendered":"Contorno de ojos Ultimate Elixir 0,85"},"content":{"rendered":"<p>Recupera un aspecto luminoso y radiante gracias a su composici\u00f3n a base de ingredientes naturales y activos concentrados<\/p>\n<p>Combate los primeros signos del envejecimiento, suaviza el aspecto de las patas de gallo y las arrugas profundas, reduce las ojeras y las bolsas<\/p>\n<p>100% natural y contiene un 98,1% de ingredientes de cultivo ecol\u00f3gico<\/p>\n<p>Resultados visibles tras 14 d\u00edas de aplicaci\u00f3n<\/p>\n<p>Perfume natural: Sum\u00e9rgete en un agradable c\u00f3ctel floral de damasco, jazm\u00edn y manzanilla.<\/p>\n<p>10 ml | Envase de cristal morado | APT para todo tipo de pieles | No comedog\u00e9nico | Libre de crueldad animal | APT para veganos.<\/p>\n","protected":false},"excerpt":{"rendered":"<p>Recupera un aspecto luminoso y radiante gracias a su composici\u00f3n a base de ingredientes naturales y activos concentrados. Combate los primeros signos del envejecimiento, suaviza el aspecto de las patas de gallo y las arrugas profundas, reduce las ojeras y las bolsas. <\/p>\n","protected":false},"featured_media":19925,"template":"","meta":{"_monsterinsights_skip_tracking":false,"_monsterinsights_sitenote_active":false,"_monsterinsights_sitenote_note":"","_monsterinsights_sitenote_category":0,"_joinchat":[]},"product_brand":[],"product_cat":[356,333,357,358,355,334,354],"product_tag":[],"class_list":{"0":"post-20682","1":"product","2":"type-product","3":"status-publish","4":"has-post-thumbnail","6":"product_cat-antienvejecimiento","7":"product_cat-cara","8":"product_cat-lifting-facial","9":"product_cat-ojeras","10":"product_cat-ojos-labios","11":"product_cat-rutina-facial","12":"product_cat-sueros-cremas","14":"first","15":"instock","16":"taxable","17":"shipping-taxable","18":"purchasable","19":"product-type-simple"},"_links":{"self":[{"href":"https:\/\/naturalisvitae.com\/es\/wp-json\/wp\/v2\/product\/20682","targetHints":{"allow":["GET"]}}],"collection":[{"href":"https:\/\/naturalisvitae.com\/es\/wp-json\/wp\/v2\/product"}],"about":[{"href":"https:\/\/naturalisvitae.com\/es\/wp-json\/wp\/v2\/types\/product"}],"wp:featuredmedia":[{"embeddable":true,"href":"https:\/\/naturalisvitae.com\/es\/wp-json\/wp\/v2\/media\/19925"}],"wp:attachment":[{"href":"https:\/\/naturalisvitae.com\/es\/wp-json\/wp\/v2\/media?parent=20682"}],"wp:term":[{"taxonomy":"product_brand","embeddable":true,"href":"https:\/\/naturalisvitae.com\/es\/wp-json\/wp\/v2\/product_brand?post=20682"},{"taxonomy":"product_cat","embeddable":true,"href":"https:\/\/naturalisvitae.com\/es\/wp-json\/wp\/v2\/product_cat?post=20682"},{"taxonomy":"product_tag","embeddable":true,"href":"https:\/\/naturalisvitae.com\/es\/wp-json\/wp\/v2\/product_tag?post=20682"}],"curies":[{"name":"wp","href":"https:\/\/api.w.org\/{rel}","templated":true}]}}