{"id":20675,"date":"2024-06-06T18:02:24","date_gmt":"2024-06-06T18:02:24","guid":{"rendered":"https:\/\/naturalisvitae.com\/product\/mascarilla-rhassoul\/"},"modified":"2024-06-06T18:02:24","modified_gmt":"2024-06-06T18:02:24","slug":"mascarilla-rhassoul","status":"publish","type":"product","link":"https:\/\/naturalisvitae.com\/es\/producto\/mascarilla-rhassoul\/","title":{"rendered":"Mascarilla Rhassoul"},"content":{"rendered":"<p>La arcilla marroqu\u00ed absorbe el exceso de grasa y las impurezas, mejorando el aspecto de la piel, limpiando en profundidad y suavizando incluso las pieles m\u00e1s sensibles y al\u00e9rgicas. A su vez, ofrece una intensa sensaci\u00f3n de suavidad y frescor a la piel. <\/p>\n<p>Enriquecido con rosas de Damasco de cultivo ecol\u00f3gico, es un producto maravilloso que, adem\u00e1s de tener las propiedades de la arcilla, tiene todos los beneficios de la rosa de Damasco.<\/p>\n<p>Es adecuado para todo tipo de pieles, incluso las que sufren alergias, psoriasis o acn\u00e9, as\u00ed como las m\u00e1s sensibles.<\/p>\n<p>100 g | APT para todo tipo de pieles | No comedog\u00e9nico | Sin crueldad animal | APT para veganos.<\/p>\n","protected":false},"excerpt":{"rendered":"<p>La arcilla marroqu\u00ed absorbe el exceso de grasa y las impurezas, mejorando el aspecto de la piel, limpiando en profundidad y suavizando incluso las pieles m\u00e1s sensibles y al\u00e9rgicas. A su vez, ofrece una intensa sensaci\u00f3n de suavidad y frescor a la piel. <\/p>\n","protected":false},"featured_media":4457,"template":"","meta":{"_monsterinsights_skip_tracking":false,"_monsterinsights_sitenote_active":false,"_monsterinsights_sitenote_note":"","_monsterinsights_sitenote_category":0,"_joinchat":[]},"product_brand":[],"product_cat":[333,336,334],"product_tag":[],"class_list":{"0":"post-20675","1":"product","2":"type-product","3":"status-publish","4":"has-post-thumbnail","6":"product_cat-cara","7":"product_cat-labios","8":"product_cat-rutina-facial","10":"first","11":"instock","12":"taxable","13":"shipping-taxable","14":"purchasable","15":"product-type-simple"},"_links":{"self":[{"href":"https:\/\/naturalisvitae.com\/es\/wp-json\/wp\/v2\/product\/20675","targetHints":{"allow":["GET"]}}],"collection":[{"href":"https:\/\/naturalisvitae.com\/es\/wp-json\/wp\/v2\/product"}],"about":[{"href":"https:\/\/naturalisvitae.com\/es\/wp-json\/wp\/v2\/types\/product"}],"wp:featuredmedia":[{"embeddable":true,"href":"https:\/\/naturalisvitae.com\/es\/wp-json\/wp\/v2\/media\/4457"}],"wp:attachment":[{"href":"https:\/\/naturalisvitae.com\/es\/wp-json\/wp\/v2\/media?parent=20675"}],"wp:term":[{"taxonomy":"product_brand","embeddable":true,"href":"https:\/\/naturalisvitae.com\/es\/wp-json\/wp\/v2\/product_brand?post=20675"},{"taxonomy":"product_cat","embeddable":true,"href":"https:\/\/naturalisvitae.com\/es\/wp-json\/wp\/v2\/product_cat?post=20675"},{"taxonomy":"product_tag","embeddable":true,"href":"https:\/\/naturalisvitae.com\/es\/wp-json\/wp\/v2\/product_tag?post=20675"}],"curies":[{"name":"wp","href":"https:\/\/api.w.org\/{rel}","templated":true}]}}