{"id":20831,"date":"2025-07-21T15:53:28","date_gmt":"2025-07-21T15:53:28","guid":{"rendered":"https:\/\/naturalisvitae.com\/confidencialidad-y-cookies\/"},"modified":"2025-07-22T17:19:06","modified_gmt":"2025-07-22T17:19:06","slug":"confidencialidad-y-cookies","status":"publish","type":"page","link":"https:\/\/naturalisvitae.com\/es\/confidencialidad-y-cookies\/","title":{"rendered":"Confidencialidad y cookies"},"content":{"rendered":"\t\t<div data-elementor-type=\"wp-page\" data-elementor-id=\"20831\" class=\"elementor elementor-20831 elementor-20798\" data-elementor-post-type=\"page\">\n\t\t\t\t<div class=\"elementor-element elementor-element-8a9adf6 e-flex e-con-boxed e-con e-parent\" data-id=\"8a9adf6\" data-element_type=\"container\" data-e-type=\"container\">\n\t\t\t\t\t<div class=\"e-con-inner\">\n\t\t\t\t<div class=\"elementor-element elementor-element-ab6ad0b elementor-widget elementor-widget-text-editor\" data-id=\"ab6ad0b\" data-element_type=\"widget\" data-e-type=\"widget\" data-widget_type=\"text-editor.default\">\n\t\t\t\t<div class=\"elementor-widget-container\">\n\t\t\t\t\t\t\t\t\t<h1><b>Confidencialidad y cookies<\/b><\/h1>\t\t\t\t\t\t\t\t<\/div>\n\t\t\t\t<\/div>\n\t\t\t\t<div class=\"elementor-element elementor-element-e9a4539 elementor-widget elementor-widget-text-editor\" data-id=\"e9a4539\" data-element_type=\"widget\" data-e-type=\"widget\" data-widget_type=\"text-editor.default\">\n\t\t\t\t<div class=\"elementor-widget-container\">\n\t\t\t\t\t\t\t\t\t<h3 data-start=\"374\" data-end=\"397\"><strong data-start=\"381\" data-end=\"397\">1. Introducci\u00f3n<\/strong><\/h3>\n<p data-start=\"399\" data-end=\"652\">En <strong data-start=\"404\" data-end=\"438\">Naturalis Vitae<\/strong>, la protecci\u00f3n de sus datos personales es una prioridad. Esta pol\u00edtica tiene como objetivo informarle claramente sobre c\u00f3mo recopilamos, usamos, almacenamos y protegemos sus datos, de conformidad con: <\/p>\n<ul data-start=\"654\" data-end=\"889\">\n<li data-start=\"654\" data-end=\"790\">\n<p data-start=\"656\" data-end=\"790\"><strong data-start=\"656\" data-end=\"675\">Ley n\u00ba 09-08 <\/strong>relativa a la protecci\u00f3n de las personas f\u00edsicas en lo que respecta al tratamiento de datos personales (Marruecos)<\/p>\n<\/li>\n<li data-start=\"791\" data-end=\"889\">\n<p data-start=\"793\" data-end=\"889\"><strong data-start=\"793\" data-end=\"854\">El Reglamento General de Protecci\u00f3n de Datos (RGPD) <\/strong>aplicable en la Uni\u00f3n Europea<\/p>\n<\/li>\n<\/ul>\n<hr data-start=\"891\" data-end=\"894\">\n<h3 data-start=\"896\" data-end=\"938\">2. <strong data-start=\"903\" data-end=\"938\">Datos personales recopilados<\/strong><\/h3>\n<p data-start=\"940\" data-end=\"986\">Recopilamos datos personales a trav\u00e9s de:<\/p>\n<ul data-start=\"987\" data-end=\"1089\">\n<li data-start=\"987\" data-end=\"1026\">\n<p data-start=\"989\" data-end=\"1026\">Formularios de contacto o de pedido<\/p>\n<\/li>\n<li data-start=\"1027\" data-end=\"1047\">\n<p data-start=\"1029\" data-end=\"1047\">Creaci\u00f3n de cuenta<\/p>\n<\/li>\n<li data-start=\"1048\" data-end=\"1089\">\n<p data-start=\"1050\" data-end=\"1089\">Navegaci\u00f3n en nuestro sitio (mediante cookies)<\/p>\n<\/li>\n<\/ul>\n<h4 data-start=\"1091\" data-end=\"1116\">Datos recopilados:<\/h4>\n<ul data-start=\"1117\" data-end=\"1342\">\n<li data-start=\"1117\" data-end=\"1141\">\n<p data-start=\"1119\" data-end=\"1141\">Identidad: nombre, apellido<\/p>\n<\/li>\n<li data-start=\"1142\" data-end=\"1184\">\n<p data-start=\"1144\" data-end=\"1184\">Datos de contacto: correo electr\u00f3nico, tel\u00e9fono, direcci\u00f3n<\/p>\n<\/li>\n<li data-start=\"1185\" data-end=\"1240\">\n<p data-start=\"1187\" data-end=\"1240\">Informaci\u00f3n de pago (a trav\u00e9s de proveedores seguros)<\/p>\n<\/li>\n<li data-start=\"1241\" data-end=\"1308\">\n<p data-start=\"1243\" data-end=\"1308\">Datos de navegaci\u00f3n: direcci\u00f3n IP, p\u00e1ginas visitadas, preferencias<\/p>\n<\/li>\n<li data-start=\"1309\" data-end=\"1342\">\n<p data-start=\"1311\" data-end=\"1342\">Consentimiento de marketing (opt-in)<\/p>\n<\/li>\n<\/ul>\n<hr data-start=\"1344\" data-end=\"1347\">\n<h3 data-start=\"1349\" data-end=\"1383\">3. <strong data-start=\"1356\" data-end=\"1383\">Finalidades del tratamiento<\/strong><\/h3>\n<p data-start=\"1385\" data-end=\"1418\">Utilizamos sus datos para:<\/p>\n<ul data-start=\"1419\" data-end=\"1643\">\n<li data-start=\"1419\" data-end=\"1469\">\n<p data-start=\"1421\" data-end=\"1469\">Cumplir pedidos y garantizar entregas<\/p>\n<\/li>\n<li data-start=\"1470\" data-end=\"1497\">\n<p data-start=\"1472\" data-end=\"1497\">Administrar su cuenta de cliente<\/p>\n<\/li>\n<li data-start=\"1498\" data-end=\"1566\">\n<p data-start=\"1500\" data-end=\"1566\">Comunicarnos con usted (atenci\u00f3n al cliente, newsletter si da su consentimiento)<\/p>\n<\/li>\n<li data-start=\"1567\" data-end=\"1607\">\n<p data-start=\"1569\" data-end=\"1607\">Mejora tu experiencia de usuario<\/p>\n<\/li>\n<li data-start=\"1608\" data-end=\"1643\">\n<p data-start=\"1610\" data-end=\"1643\">Cumplir con nuestras obligaciones legales<\/p>\n<\/li>\n<\/ul>\n<p data-start=\"1645\" data-end=\"1696\">Sus datos <strong data-start=\"1657\" data-end=\"1683\">nunca se venden a terceros.<\/strong><\/p>\n<hr data-start=\"1698\" data-end=\"1701\">\n<h3 data-start=\"1703\" data-end=\"1721\">4. <strong data-start=\"1710\" data-end=\"1721\">Cookies<\/strong><\/h3>\n<h4 data-start=\"1723\" data-end=\"1752\">\u00bfQu\u00e9 es una cookie?<\/h4>\n<p data-start=\"1753\" data-end=\"1888\">Una cookie es un peque\u00f1o archivo de texto que se almacena en su dispositivo para optimizar su navegaci\u00f3n y recopilar cierta informaci\u00f3n.<\/p>\n<h4 data-start=\"1890\" data-end=\"1922\">Tipos de cookies utilizadas:<\/h4>\n<ul data-start=\"1923\" data-end=\"2147\">\n<li data-start=\"1923\" data-end=\"1972\">\n<p data-start=\"1925\" data-end=\"1972\"><strong data-start=\"1925\" data-end=\"1947\">Cookies t\u00e9cnicas: <\/strong>funcionamiento del sitio<\/p>\n<\/li>\n<li data-start=\"1973\" data-end=\"2040\">\n<p data-start=\"1975\" data-end=\"2040\"><strong data-start=\"1975\" data-end=\"2007\">Cookies de medici\u00f3n de audiencia <\/strong>(Google Analytics o equivalente)<\/p>\n<\/li>\n<li data-start=\"2041\" data-end=\"2085\">\n<p data-start=\"2043\" data-end=\"2085\"><strong data-start=\"2043\" data-end=\"2068\">Cookies publicitarias <\/strong>(si corresponde)<\/p>\n<\/li>\n<li data-start=\"2086\" data-end=\"2147\">\n<p data-start=\"2088\" data-end=\"2147\"><strong data-start=\"2088\" data-end=\"2119\">Cookies de personalizaci\u00f3n: <\/strong>idioma, preferencias, etc.<\/p>\n<\/li>\n<\/ul>\n<h4 data-start=\"2149\" data-end=\"2168\">Consentir :<\/h4>\n<p data-start=\"2169\" data-end=\"2266\">Durante su primera visita, un banner le informa del uso de cookies y le permite:<\/p>\n<ul data-start=\"2267\" data-end=\"2363\">\n<li data-start=\"2267\" data-end=\"2294\">\n<p data-start=\"2269\" data-end=\"2294\">Aceptar todas las cookies<\/p>\n<\/li>\n<li data-start=\"2295\" data-end=\"2331\">\n<p data-start=\"2297\" data-end=\"2331\">Rechazar las cookies no esenciales<\/p>\n<\/li>\n<li data-start=\"2332\" data-end=\"2363\">\n<p data-start=\"2334\" data-end=\"2363\">Personaliza tus preferencias<\/p>\n<\/li>\n<\/ul>\n<p data-start=\"2365\" data-end=\"2457\">Tambi\u00e9n puede cambiar sus opciones en cualquier momento a trav\u00e9s de la configuraci\u00f3n de su navegador.<\/p>\n<hr data-start=\"2459\" data-end=\"2462\">\n<h3 data-start=\"2464\" data-end=\"2496\">5. <strong data-start=\"2471\" data-end=\"2496\">Periodo de conservaci\u00f3n<\/strong><\/h3>\n<p data-start=\"2498\" data-end=\"2527\">Conservamos sus datos:<\/p>\n<ul data-start=\"2528\" data-end=\"2667\">\n<li data-start=\"2528\" data-end=\"2575\">\n<p data-start=\"2530\" data-end=\"2575\">Durante el tiempo necesario para su tratamiento<\/p>\n<\/li>\n<li data-start=\"2576\" data-end=\"2614\">\n<p data-start=\"2578\" data-end=\"2614\">De acuerdo con las duraciones legales aplicables<\/p>\n<\/li>\n<li data-start=\"2615\" data-end=\"2667\">\n<p data-start=\"2617\" data-end=\"2667\">Hasta su solicitud de supresi\u00f3n u oposici\u00f3n<\/p>\n<\/li>\n<\/ul>\n<hr data-start=\"2669\" data-end=\"2672\">\n<h3 data-start=\"2674\" data-end=\"2708\">6. <strong data-start=\"2681\" data-end=\"2708\">Seguridad y alojamiento<\/strong><\/h3>\n<p data-start=\"2710\" data-end=\"2847\">Sus datos est\u00e1n alojados de forma segura en servidores ubicados <strong data-start=\"2785\" data-end=\"2846\">[en Marruecos \/ en Europa \/ a especificar seg\u00fan su host].<\/strong><\/p>\n<p data-start=\"2849\" data-end=\"2865\">Nosotros utilizamos:<\/p>\n<ul data-start=\"2866\" data-end=\"2976\">\n<li data-start=\"2866\" data-end=\"2883\">\n<p data-start=\"2868\" data-end=\"2883\">Protocole HTTPS<\/p>\n<\/li>\n<li data-start=\"2884\" data-end=\"2946\">\n<p data-start=\"2886\" data-end=\"2946\">Proveedores de pago certificados por PCI-DSS (Stripe, PayPal, etc.)<\/p>\n<\/li>\n<li data-start=\"2947\" data-end=\"2976\">\n<p data-start=\"2949\" data-end=\"2976\">Acceso restringido a los datos<\/p>\n<\/li>\n<\/ul>\n<hr data-start=\"2978\" data-end=\"2981\">\n<h3 data-start=\"2983\" data-end=\"3004\">7. <strong data-start=\"2990\" data-end=\"3004\">Sus derechos<\/strong><\/h3>\n<p data-start=\"3006\" data-end=\"3097\">De acuerdo con la<strong data-start=\"3024\" data-end=\"3040\"> CNDP (Marruecos) <\/strong>y el<strong data-start=\"3047\" data-end=\"3060\"> RGPD (UE)<\/strong>, usted tiene los siguientes derechos:<\/p>\n<ul data-start=\"3098\" data-end=\"3333\">\n<li data-start=\"3098\" data-end=\"3131\">\n<p data-start=\"3100\" data-end=\"3131\"><strong data-start=\"3100\" data-end=\"3117\">Derecho de acceso <\/strong>a sus datos<\/p>\n<\/li>\n<li data-start=\"3132\" data-end=\"3160\">\n<p data-start=\"3134\" data-end=\"3160\"><strong data-start=\"3134\" data-end=\"3160\">Derecho de rectificaci\u00f3n<\/strong><\/p>\n<\/li>\n<li data-start=\"3161\" data-end=\"3205\">\n<p data-start=\"3163\" data-end=\"3205\"><strong data-start=\"3163\" data-end=\"3205\">Derecho de supresi\u00f3n (derecho al olvido)<\/strong><\/p>\n<\/li>\n<li data-start=\"3206\" data-end=\"3244\">\n<p data-start=\"3208\" data-end=\"3244\"><strong data-start=\"3208\" data-end=\"3230\">Derecho a oponerse <\/strong>al tratamiento<\/p>\n<\/li>\n<li data-start=\"3245\" data-end=\"3286\">\n<p data-start=\"3247\" data-end=\"3286\"><strong data-start=\"3247\" data-end=\"3286\">Derecho a la limitaci\u00f3n del tratamiento<\/strong><\/p>\n<\/li>\n<li data-start=\"3287\" data-end=\"3333\">\n<p data-start=\"3289\" data-end=\"3333\"><strong data-start=\"3289\" data-end=\"3315\">Derecho a la portabilidad (<\/strong>solo RGPD)<\/p>\n<\/li>\n<\/ul>\n<p data-start=\"3335\" data-end=\"3428\">Puede ejercer estos derechos escribi\u00e9ndonos a:<br data-start=\"3386\" data-end=\"3389\">\ud83d\udce7&nbsp;<span style=\"font-weight: 700; letter-spacing: 0em;\">Contact@naturalisvitae.com<\/span><\/p><p data-start=\"3335\" data-end=\"3428\"><span style=\"letter-spacing: 0em;\">Tambi\u00e9n tiene derecho a presentar una reclamaci\u00f3n:<\/span><\/p>\n<ul data-start=\"3490\" data-end=\"3639\">\n<li data-start=\"3490\" data-end=\"3549\">\n<p data-start=\"3492\" data-end=\"3549\">En el <strong data-start=\"3505\" data-end=\"3513\">CNDP (<\/strong><a href=\"http:\/\/www.cndp.ma\" target=\"_new\" rel=\"noopener\" data-start=\"3515\" data-end=\"3526\">www.cndp.ma)<\/a> si est\u00e1s en Marruecos<\/p>\n<\/li>\n<li data-start=\"3550\" data-end=\"3639\">\n<p data-start=\"3552\" data-end=\"3639\">O con <strong data-start=\"3567\" data-end=\"3616\">la autoridad de protecci\u00f3n de datos competente<\/strong> si se encuentra en la UE<\/p>\n<\/li>\n<\/ul>\n<hr data-start=\"3641\" data-end=\"3644\">\n<h3 data-start=\"3646\" data-end=\"3682\"><strong data-start=\"3653\" data-end=\"3682\">8. Responsable del tratamiento de datos<\/strong><\/h3>\n<p data-start=\"3684\" data-end=\"3844\">El responsable del tratamiento de datos es:<br data-start=\"3718\" data-end=\"3721\"><strong data-start=\"3721\" data-end=\"3769\">[Nom de votre entreprise ou personne morale]<\/strong><br data-start=\"3769\" data-end=\"3772\">\ud83d\udccd&nbsp;<b>Plaza Bennacer 5B Gand\u00eda Spain&nbsp; &nbsp;<\/b> <\/p>\n<p data-start=\"3684\" data-end=\"3844\"><span style=\"letter-spacing: 0em;\">\ud83d\udce7 <\/span><strong style=\"letter-spacing: 0em;\" data-start=\"3803\" data-end=\"3844\">Contact@naturalisvitae.com<\/strong><\/p>\n<hr data-start=\"3846\" data-end=\"3849\">\n<h3 data-start=\"3851\" data-end=\"3890\"><strong data-start=\"3858\" data-end=\"3890\">9. Actualizaciones de pol\u00edticas<\/strong><\/h3>\n<p data-start=\"3892\" data-end=\"4080\">Esta pol\u00edtica de privacidad podr\u00e1 modificarse en cualquier momento para adaptarse a novedades legales o t\u00e9cnicas. La versi\u00f3n m\u00e1s reciente siempre estar\u00e1 disponible en esta p\u00e1gina. <\/p>\n<hr data-start=\"4082\" data-end=\"4085\">\n<h3 data-start=\"4087\" data-end=\"4123\">\u00bfNecesita ayuda o aclaraci\u00f3n?<\/h3>\n<p data-start=\"4125\" data-end=\"4271\">No dudes en contactarnos en&nbsp;<span data-start=\"3803\" data-end=\"3844\" style=\"font-weight: 700; letter-spacing: 0em;\">Contact@naturalisvitae.com<\/span>&nbsp;para cualquier pregunta relacionada con la protecci\u00f3n de sus datos o el uso de cookies.<\/p>\t\t\t\t\t\t\t\t<\/div>\n\t\t\t\t<\/div>\n\t\t\t\t\t<\/div>\n\t\t\t\t<\/div>\n\t\t\t\t<\/div>\n\t\t","protected":false},"excerpt":{"rendered":"<p>Confidencialidad y cookies 1. Introducci\u00f3n En Naturalis Vitae, la protecci\u00f3n de sus datos personales es una prioridad. Esta pol\u00edtica tiene como objetivo informarle claramente sobre c\u00f3mo recopilamos, usamos, almacenamos y protegemos sus datos, de conformidad con: Ley n\u00ba 09-08 relativa a la protecci\u00f3n de las personas f\u00edsicas en lo que respecta al tratamiento de datos personales (Marruecos) El Reglamento General de Protecci\u00f3n de Datos (RGPD) aplicable en la Uni\u00f3n Europea 2. Datos personales recopilados Recopilamos datos personales a trav\u00e9s de: Formularios de contacto o de pedido Creaci\u00f3n de cuenta Navegaci\u00f3n en nuestro sitio (mediante cookies) Datos recopilados: Identidad: nombre, apellido Datos de contacto: correo electr\u00f3nico, tel\u00e9fono, direcci\u00f3n Informaci\u00f3n de pago (a trav\u00e9s de proveedores seguros) Datos de navegaci\u00f3n: direcci\u00f3n IP, p\u00e1ginas visitadas, preferencias Consentimiento de marketing (opt-in) 3. Finalidades del tratamiento Utilizamos sus datos para: Cumplir pedidos y garantizar entregas Administrar su cuenta de cliente Comunicarnos con usted (atenci\u00f3n al cliente, newsletter si da su consentimiento) Mejora tu experiencia de usuario Cumplir con nuestras obligaciones legales Sus datos nunca se venden a terceros. 4. Cookies \u00bfQu\u00e9 es una cookie? Una cookie es un peque\u00f1o archivo de texto que se almacena en su dispositivo para optimizar su navegaci\u00f3n y recopilar cierta informaci\u00f3n. Tipos de cookies utilizadas: Cookies t\u00e9cnicas: funcionamiento del sitio Cookies de medici\u00f3n de audiencia (Google Analytics o equivalente) Cookies publicitarias (si corresponde) Cookies de personalizaci\u00f3n: idioma, preferencias, etc. Consentir : Durante su primera visita, un banner le informa del uso de cookies y le permite: Aceptar todas las cookies Rechazar las cookies no esenciales Personaliza tus preferencias Tambi\u00e9n puede cambiar sus opciones en cualquier momento a trav\u00e9s de la configuraci\u00f3n de su navegador. 5. Periodo de conservaci\u00f3n Conservamos sus datos: Durante el tiempo necesario para su tratamiento De acuerdo con las duraciones legales aplicables Hasta su solicitud de supresi\u00f3n u oposici\u00f3n 6. Seguridad y alojamiento Sus datos est\u00e1n alojados de forma segura en servidores ubicados [en Marruecos \/ en Europa \/ a especificar seg\u00fan su host]. Nosotros utilizamos: Protocole HTTPS Proveedores de pago certificados por PCI-DSS (Stripe, PayPal, etc.) Acceso restringido a los datos 7. Sus derechos De acuerdo con la CNDP (Marruecos) y el RGPD (UE), usted tiene los siguientes derechos: Derecho de acceso a sus datos Derecho de rectificaci\u00f3n Derecho de supresi\u00f3n (derecho al olvido) Derecho a oponerse al tratamiento Derecho a la limitaci\u00f3n del tratamiento Derecho a la portabilidad (solo RGPD) Puede ejercer estos derechos escribi\u00e9ndonos a:\ud83d\udce7&nbsp;Contact@naturalisvitae.com Tambi\u00e9n tiene derecho a presentar una reclamaci\u00f3n: En el CNDP (www.cndp.ma) si est\u00e1s en Marruecos O con la autoridad de protecci\u00f3n de datos competente si se encuentra en la UE 8. Responsable del tratamiento de datos El responsable del tratamiento de datos es:[Nom de votre entreprise ou personne morale]\ud83d\udccd&nbsp;Plaza Bennacer 5B Gand\u00eda Spain&nbsp; &nbsp; \ud83d\udce7 Contact@naturalisvitae.com 9. Actualizaciones de pol\u00edticas Esta pol\u00edtica de privacidad podr\u00e1 modificarse en cualquier momento para adaptarse a novedades legales o t\u00e9cnicas. La versi\u00f3n m\u00e1s reciente siempre estar\u00e1 disponible en esta p\u00e1gina. \u00bfNecesita ayuda o aclaraci\u00f3n? No dudes en contactarnos en&nbsp;Contact@naturalisvitae.com&nbsp;para cualquier pregunta relacionada con la protecci\u00f3n de sus datos o el uso de cookies.<\/p>\n","protected":false},"author":254,"featured_media":0,"parent":0,"menu_order":0,"comment_status":"closed","ping_status":"closed","template":"","meta":{"_monsterinsights_skip_tracking":false,"_monsterinsights_sitenote_active":false,"_monsterinsights_sitenote_note":"","_monsterinsights_sitenote_category":0,"_joinchat":[],"footnotes":""},"class_list":["post-20831","page","type-page","status-publish","hentry","post-no-thumbnail"],"_hostinger_reach_plugin_has_subscription_block":false,"_hostinger_reach_plugin_is_elementor":false,"_links":{"self":[{"href":"https:\/\/naturalisvitae.com\/es\/wp-json\/wp\/v2\/pages\/20831","targetHints":{"allow":["GET"]}}],"collection":[{"href":"https:\/\/naturalisvitae.com\/es\/wp-json\/wp\/v2\/pages"}],"about":[{"href":"https:\/\/naturalisvitae.com\/es\/wp-json\/wp\/v2\/types\/page"}],"author":[{"embeddable":true,"href":"https:\/\/naturalisvitae.com\/es\/wp-json\/wp\/v2\/users\/254"}],"replies":[{"embeddable":true,"href":"https:\/\/naturalisvitae.com\/es\/wp-json\/wp\/v2\/comments?post=20831"}],"version-history":[{"count":0,"href":"https:\/\/naturalisvitae.com\/es\/wp-json\/wp\/v2\/pages\/20831\/revisions"}],"wp:attachment":[{"href":"https:\/\/naturalisvitae.com\/es\/wp-json\/wp\/v2\/media?parent=20831"}],"curies":[{"name":"wp","href":"https:\/\/api.w.org\/{rel}","templated":true}]}}